{"id":9621,"date":"2023-03-29T16:01:39","date_gmt":"2023-03-29T14:01:39","guid":{"rendered":"https:\/\/butikhome.pl\/index.php\/produkt\/biustonosz-linda-ii-czarny\/"},"modified":"2023-06-30T13:32:57","modified_gmt":"2023-06-30T11:32:57","slug":"biustonosz-linda-ii-czarny","status":"publish","type":"product","link":"https:\/\/butikhome.pl\/index.php\/produkt\/biustonosz-linda-ii-czarny\/","title":{"rendered":"Biustonosz Linda II Czarny"},"content":{"rendered":"<p>Zjawiskowy, czarny biustonosz Linda II. Pokryty per\u0142owym blaskiem, ozdobiony stylowymi kwiatami. Biustonosz zdecydowanie wyr\u00f3\u017cnia si\u0119 swym wzornictwem. Wspania\u0142y fason szczeg\u00f3lnie podkre\u015bli pi\u0119kno pe\u0142niejszych biust\u00f3w. Miseczki \u0142adnie unosz\u0105 i przybli\u017caj\u0105 piersi, zmys\u0142owo je modeluj\u0105c. Koronka seksownie dope\u0142nia ca\u0142o\u015bci. Polecany wymagaj\u0105cym kobietom.<\/p>\n","protected":false},"excerpt":{"rendered":"<p>Zjawiskowy, czarny biustonosz Linda II. Pokryty per\u0142owym blaskiem, ozdobiony stylowymi kwiatami. Biustonosz zdecydowanie wyr\u00f3\u017cnia si\u0119 swym wzornictwem. Wspania\u0142y fason szczeg\u00f3lnie podkre\u015bli pi\u0119kno pe\u0142niejszych biust\u00f3w. Miseczki \u0142adnie unosz\u0105 i przybli\u017caj\u0105 piersi, zmys\u0142owo je modeluj\u0105c. Koronka seksownie dope\u0142nia ca\u0142o\u015bci. Polecany wymagaj\u0105cym kobietom.<\/p>\n","protected":false},"featured_media":15728,"comment_status":"open","ping_status":"closed","template":"","meta":[],"product_brand":[],"product_cat":[1552,1565,1568,1569,1586,1594,629,24],"product_tag":[1489,1492,1493,1505,1509,2233,1089,2232,2241,2176,199,2238,2239,2236,2237,2235,2234,2240],"class_list":{"0":"post-9621","1":"product","2":"type-product","3":"status-publish","4":"has-post-thumbnail","6":"product_cat-70-h","7":"product_cat-80-c","8":"product_cat-80-f","9":"product_cat-80-g","10":"product_cat-90-f","11":"product_cat-95-e","12":"product_cat-biustonosze-podkategoria-do-bielizny","13":"product_cat-produkty","14":"product_tag-80-c","15":"product_tag-80-f","16":"product_tag-80-g","17":"product_tag-90-f","18":"product_tag-95-e","19":"product_tag-biustonosz-linda-ii-czarny","20":"product_tag-czarny","21":"product_tag-czarny-70-h","22":"product_tag-dla-wymagajacych-kobiet","23":"product_tag-gortex","24":"product_tag-koronkowe-wstawki","25":"product_tag-miseczki-ladnie-unosza-piersi","26":"product_tag-miseczki-przyblizaja-piersi","27":"product_tag-ozdobiony-stolowymi-kwiatami","28":"product_tag-pieknie-podkresla-biust","29":"product_tag-pokryty-perlowym-blaskiem","30":"product_tag-zjawiskowy","31":"product_tag-zmyslowo-modeluje-biust","33":"first","34":"instock","35":"taxable","36":"shipping-taxable","37":"purchasable","38":"product-type-simple"},"_links":{"self":[{"href":"https:\/\/butikhome.pl\/index.php\/wp-json\/wp\/v2\/product\/9621","targetHints":{"allow":["GET"]}}],"collection":[{"href":"https:\/\/butikhome.pl\/index.php\/wp-json\/wp\/v2\/product"}],"about":[{"href":"https:\/\/butikhome.pl\/index.php\/wp-json\/wp\/v2\/types\/product"}],"replies":[{"embeddable":true,"href":"https:\/\/butikhome.pl\/index.php\/wp-json\/wp\/v2\/comments?post=9621"}],"wp:featuredmedia":[{"embeddable":true,"href":"https:\/\/butikhome.pl\/index.php\/wp-json\/wp\/v2\/media\/15728"}],"wp:attachment":[{"href":"https:\/\/butikhome.pl\/index.php\/wp-json\/wp\/v2\/media?parent=9621"}],"wp:term":[{"taxonomy":"product_brand","embeddable":true,"href":"https:\/\/butikhome.pl\/index.php\/wp-json\/wp\/v2\/product_brand?post=9621"},{"taxonomy":"product_cat","embeddable":true,"href":"https:\/\/butikhome.pl\/index.php\/wp-json\/wp\/v2\/product_cat?post=9621"},{"taxonomy":"product_tag","embeddable":true,"href":"https:\/\/butikhome.pl\/index.php\/wp-json\/wp\/v2\/product_tag?post=9621"}],"curies":[{"name":"wp","href":"https:\/\/api.w.org\/{rel}","templated":true}]}}