{"id":9631,"date":"2023-03-29T16:01:43","date_gmt":"2023-03-29T14:01:43","guid":{"rendered":"https:\/\/butikhome.pl\/index.php\/produkt\/biustonosz-maribel-b4\/"},"modified":"2023-06-30T12:04:21","modified_gmt":"2023-06-30T10:04:21","slug":"biustonosz-maribel-b4","status":"publish","type":"product","link":"https:\/\/butikhome.pl\/index.php\/produkt\/biustonosz-maribel-b4\/","title":{"rendered":"Biustonosz Maribel B4"},"content":{"rendered":"<p>Nowo\u015b\u0107! Koralowo-kremowy biustonosz, obszyty eleganck\u0105 koronk\u0105. Konstrukcja usztywniana, z fiszbinami, \u0142adnie modeluje i unosi piersi, nie powi\u0119kszaj\u0105c ich. Rami\u0105czka nieodpinane. Sk\u0142ad: 65% poliamid, 20% poliester, 10% bawe\u0142na, 5% elastan.<\/p>\n","protected":false},"excerpt":{"rendered":"<p>Nowo\u015b\u0107! Koralowo-kremowy biustonosz, obszyty eleganck\u0105 koronk\u0105. Konstrukcja usztywniana, z fiszbinami, \u0142adnie modeluje i unosi piersi, nie powi\u0119kszaj\u0105c ich. Rami\u0105czka nieodpinane. Sk\u0142ad: 65% poliamid, 20% poliester, 10% bawe\u0142na, 5% elastan.<\/p>\n","protected":false},"featured_media":15722,"comment_status":"open","ping_status":"closed","template":"","meta":[],"product_brand":[],"product_cat":[1567,629,24],"product_tag":[2214,1835,1917,2176,2215,2213,2218,1972,1854,2197,1619,2216,1078,2217],"class_list":{"0":"post-9631","1":"product","2":"type-product","3":"status-publish","4":"has-post-thumbnail","6":"product_cat-80-e","7":"product_cat-biustonosze-podkategoria-do-bielizny","8":"product_cat-produkty","9":"product_tag-biustonosz-maribel-b4-koralowo-kremowy","10":"product_tag-biustonosz-usztywniany","11":"product_tag-dziewczecy-pelen-uroku","12":"product_tag-gortex","13":"product_tag-koralowy","14":"product_tag-kremowo-kolorowy-80-e","15":"product_tag-miseczki-obszyte-kwiecista-koronka","16":"product_tag-miseczki-z-fiszbinami","17":"product_tag-modeluje-i-unosi-piersi","18":"product_tag-nie-powiekszajacy-biustu","19":"product_tag-niedpinane-ramiaczka","20":"product_tag-obszyty-koronka","21":"product_tag-polski-produkt","22":"product_tag-z-tylu-gladki-bialy","24":"first","25":"instock","26":"taxable","27":"shipping-taxable","28":"purchasable","29":"product-type-simple"},"_links":{"self":[{"href":"https:\/\/butikhome.pl\/index.php\/wp-json\/wp\/v2\/product\/9631","targetHints":{"allow":["GET"]}}],"collection":[{"href":"https:\/\/butikhome.pl\/index.php\/wp-json\/wp\/v2\/product"}],"about":[{"href":"https:\/\/butikhome.pl\/index.php\/wp-json\/wp\/v2\/types\/product"}],"replies":[{"embeddable":true,"href":"https:\/\/butikhome.pl\/index.php\/wp-json\/wp\/v2\/comments?post=9631"}],"wp:featuredmedia":[{"embeddable":true,"href":"https:\/\/butikhome.pl\/index.php\/wp-json\/wp\/v2\/media\/15722"}],"wp:attachment":[{"href":"https:\/\/butikhome.pl\/index.php\/wp-json\/wp\/v2\/media?parent=9631"}],"wp:term":[{"taxonomy":"product_brand","embeddable":true,"href":"https:\/\/butikhome.pl\/index.php\/wp-json\/wp\/v2\/product_brand?post=9631"},{"taxonomy":"product_cat","embeddable":true,"href":"https:\/\/butikhome.pl\/index.php\/wp-json\/wp\/v2\/product_cat?post=9631"},{"taxonomy":"product_tag","embeddable":true,"href":"https:\/\/butikhome.pl\/index.php\/wp-json\/wp\/v2\/product_tag?post=9631"}],"curies":[{"name":"wp","href":"https:\/\/api.w.org\/{rel}","templated":true}]}}