{"id":9635,"date":"2023-03-29T16:01:45","date_gmt":"2023-03-29T14:01:45","guid":{"rendered":"https:\/\/butikhome.pl\/index.php\/produkt\/biustonosz-miami-b4\/"},"modified":"2023-06-29T12:33:18","modified_gmt":"2023-06-29T10:33:18","slug":"biustonosz-miami-b4","status":"publish","type":"product","link":"https:\/\/butikhome.pl\/index.php\/produkt\/biustonosz-miami-b4\/","title":{"rendered":"Biustonosz Miami\/B4"},"content":{"rendered":"<p>Brzoskwiniowy zawr\u00f3t g\u0142owy! Miami\/B4 to \u015bliczny, jednobarwny biustonosz w konstrukcji usztywnianej, na fiszbinach, kt\u00f3ry pozwoli Ci zar\u00f3wno \u0142adnie zebra\u0107 i wymodelowa\u0107 piersi jak r\u00f3wnie\u017c rozkoszowa\u0107 si\u0119 s\u0142odk\u0105, bardzo wiosenn\u0105 kolorystyk\u0105. Miseczki pokryte subtelnym, lekko per\u0142owym wzorem. Sk\u0142ad: 65% poliamid, 20% poliester, 10% bawe\u0142na, 5% elastan.<\/p>\n","protected":false},"excerpt":{"rendered":"<p>Brzoskwiniowy zawr\u00f3t g\u0142owy! Miami\/B4 to \u015bliczny, jednobarwny biustonosz w konstrukcji usztywnianej, na fiszbinach, kt\u00f3ry pozwoli Ci zar\u00f3wno \u0142adnie zebra\u0107 i wymodelowa\u0107 piersi jak r\u00f3wnie\u017c rozkoszowa\u0107 si\u0119 s\u0142odk\u0105, bardzo wiosenn\u0105 kolorystyk\u0105. Miseczki pokryte subtelnym, lekko per\u0142owym wzorem. Sk\u0142ad: 65% poliamid, 20% poliester, 10% bawe\u0142na, 5% elastan.<\/p>\n","protected":false},"featured_media":15718,"comment_status":"open","ping_status":"closed","template":"","meta":[],"product_brand":[],"product_cat":[1558,629,24],"product_tag":[2206,1835,2207,2205,2176,2209,1686,1664,2208,1078,301,1853],"class_list":{"0":"post-9635","1":"product","2":"type-product","3":"status-publish","4":"has-post-thumbnail","6":"product_cat-75-e","7":"product_cat-biustonosze-podkategoria-do-bielizny","8":"product_cat-produkty","9":"product_tag-biustonosz-miami-b4-brzoskwiniowy","10":"product_tag-biustonosz-usztywniany","11":"product_tag-brzoskwiniowy","12":"product_tag-brzoskwiniowy-75-e","13":"product_tag-gortex","14":"product_tag-miseczki-pokryte-subtelnym-lekko-perlowym-wzorem","15":"product_tag-modeluje-piersi","16":"product_tag-na-fiszbinach","17":"product_tag-piekna-wiosenna-kolorystyka","18":"product_tag-polski-produkt","19":"product_tag-wysoka-jakosc","20":"product_tag-zbiera-piersi","22":"first","23":"instock","24":"taxable","25":"shipping-taxable","26":"purchasable","27":"product-type-simple"},"_links":{"self":[{"href":"https:\/\/butikhome.pl\/index.php\/wp-json\/wp\/v2\/product\/9635","targetHints":{"allow":["GET"]}}],"collection":[{"href":"https:\/\/butikhome.pl\/index.php\/wp-json\/wp\/v2\/product"}],"about":[{"href":"https:\/\/butikhome.pl\/index.php\/wp-json\/wp\/v2\/types\/product"}],"replies":[{"embeddable":true,"href":"https:\/\/butikhome.pl\/index.php\/wp-json\/wp\/v2\/comments?post=9635"}],"wp:featuredmedia":[{"embeddable":true,"href":"https:\/\/butikhome.pl\/index.php\/wp-json\/wp\/v2\/media\/15718"}],"wp:attachment":[{"href":"https:\/\/butikhome.pl\/index.php\/wp-json\/wp\/v2\/media?parent=9635"}],"wp:term":[{"taxonomy":"product_brand","embeddable":true,"href":"https:\/\/butikhome.pl\/index.php\/wp-json\/wp\/v2\/product_brand?post=9635"},{"taxonomy":"product_cat","embeddable":true,"href":"https:\/\/butikhome.pl\/index.php\/wp-json\/wp\/v2\/product_cat?post=9635"},{"taxonomy":"product_tag","embeddable":true,"href":"https:\/\/butikhome.pl\/index.php\/wp-json\/wp\/v2\/product_tag?post=9635"}],"curies":[{"name":"wp","href":"https:\/\/api.w.org\/{rel}","templated":true}]}}