{"id":9640,"date":"2023-03-29T16:01:46","date_gmt":"2023-03-29T14:01:46","guid":{"rendered":"https:\/\/butikhome.pl\/index.php\/produkt\/biustonosz-spring-g246-b4\/"},"modified":"2023-06-29T11:26:04","modified_gmt":"2023-06-29T09:26:04","slug":"biustonosz-spring-g246-b4","status":"publish","type":"product","link":"https:\/\/butikhome.pl\/index.php\/produkt\/biustonosz-spring-g246-b4\/","title":{"rendered":"Biustonosz Spring G246\/B4"},"content":{"rendered":"<p>Stylowy, be\u017cowy biustonosz z nowej kolekcji renomowanej marki Gorteks. Propozycja wykonana z niezwykle atrakcyjnej dzianiny typu \u017cakard, kt\u00f3r\u0105 zdobi lekki, kwiecisty dese\u0144, pod kolor biustonosza. \u015awietnie wyprofilowane miseczki uszyte z cienkiej pianki gorseciarskiej pozwalaj\u0105 optymalnie zebra\u0107, unie\u015b\u0107 i wymodelowa\u0107 piersi. Mi\u0119dzy miseczkami \u015bliczna, ma\u0142a kokardka. Sk\u0142ad: 65% poliamid, 20% poliester, 10% bawe\u0142na, 5% elastan.<\/p>\n","protected":false},"excerpt":{"rendered":"<p>Stylowy, be\u017cowy biustonosz z nowej kolekcji renomowanej marki Gorteks. Propozycja wykonana z niezwykle atrakcyjnej dzianiny typu \u017cakard, kt\u00f3r\u0105 zdobi lekki, kwiecisty dese\u0144, pod kolor biustonosza. \u015awietnie wyprofilowane miseczki uszyte z cienkiej pianki gorseciarskiej pozwalaj\u0105 optymalnie zebra\u0107, unie\u015b\u0107 i wymodelowa\u0107 piersi. Mi\u0119dzy miseczkami \u015bliczna, ma\u0142a kokardka. Sk\u0142ad: 65% poliamid, 20% poliester, 10% bawe\u0142na, 5% elastan.<\/p>\n","protected":false},"featured_media":15716,"comment_status":"open","ping_status":"closed","template":"","meta":[],"product_brand":[],"product_cat":[629,24],"product_tag":[1610,1611,1751,1599,1482,1483,1484,1485,1486,1488,1489,1490,1491,1492,1493,1494,1495,1496,1497,1498,1499,1630,1501,1502,1504,1633,1506,1507,1508,1637,1615,1907,2200,1963,2176,671,2202,1297,1078,1733,2201,2203,301,2204],"class_list":{"0":"post-9640","1":"product","2":"type-product","3":"status-publish","4":"has-post-thumbnail","6":"product_cat-biustonosze-podkategoria-do-bielizny","7":"product_cat-produkty","8":"product_tag-70-g","9":"product_tag-70-h","10":"product_tag-75-b","11":"product_tag-75-c","12":"product_tag-75-d","13":"product_tag-75-e","14":"product_tag-75-f","15":"product_tag-75-g","16":"product_tag-75-h","17":"product_tag-80-b","18":"product_tag-80-c","19":"product_tag-80-d","20":"product_tag-80-e","21":"product_tag-80-f","22":"product_tag-80-g","23":"product_tag-80-h","24":"product_tag-85-b","25":"product_tag-85-c","26":"product_tag-85-d","27":"product_tag-85-e","28":"product_tag-85-f","29":"product_tag-85-h","30":"product_tag-90-b","31":"product_tag-90-c","32":"product_tag-90-e","33":"product_tag-90-g","34":"product_tag-95-b","35":"product_tag-95-c","36":"product_tag-95-d","37":"product_tag-95-f","38":"product_tag-bezowy","39":"product_tag-bezowy-70-d","40":"product_tag-biustonosz-spring-g246-b4","41":"product_tag-dobrze-zbiera-unosi-i-modeluje-piersi","42":"product_tag-gortex","43":"product_tag-kobiecy","44":"product_tag-lekki-kwiecisty-desen","45":"product_tag-pakowane-w-pudelko","46":"product_tag-polski-produkt","47":"product_tag-stylowy","48":"product_tag-wykonany-z-dzianiny-zakardowej","49":"product_tag-wyprofilowane-miseczki","50":"product_tag-wysoka-jakosc","51":"product_tag-z-cienkiej-pianki-gorseciarskiej","53":"first","54":"instock","55":"taxable","56":"shipping-taxable","57":"purchasable","58":"product-type-simple"},"_links":{"self":[{"href":"https:\/\/butikhome.pl\/index.php\/wp-json\/wp\/v2\/product\/9640","targetHints":{"allow":["GET"]}}],"collection":[{"href":"https:\/\/butikhome.pl\/index.php\/wp-json\/wp\/v2\/product"}],"about":[{"href":"https:\/\/butikhome.pl\/index.php\/wp-json\/wp\/v2\/types\/product"}],"replies":[{"embeddable":true,"href":"https:\/\/butikhome.pl\/index.php\/wp-json\/wp\/v2\/comments?post=9640"}],"wp:featuredmedia":[{"embeddable":true,"href":"https:\/\/butikhome.pl\/index.php\/wp-json\/wp\/v2\/media\/15716"}],"wp:attachment":[{"href":"https:\/\/butikhome.pl\/index.php\/wp-json\/wp\/v2\/media?parent=9640"}],"wp:term":[{"taxonomy":"product_brand","embeddable":true,"href":"https:\/\/butikhome.pl\/index.php\/wp-json\/wp\/v2\/product_brand?post=9640"},{"taxonomy":"product_cat","embeddable":true,"href":"https:\/\/butikhome.pl\/index.php\/wp-json\/wp\/v2\/product_cat?post=9640"},{"taxonomy":"product_tag","embeddable":true,"href":"https:\/\/butikhome.pl\/index.php\/wp-json\/wp\/v2\/product_tag?post=9640"}],"curies":[{"name":"wp","href":"https:\/\/api.w.org\/{rel}","templated":true}]}}