{"id":9769,"date":"2023-03-29T16:02:38","date_gmt":"2023-03-29T14:02:38","guid":{"rendered":"https:\/\/butikhome.pl\/index.php\/produkt\/biustonosz-yvette-b4-bialy\/"},"modified":"2023-06-28T14:40:04","modified_gmt":"2023-06-28T12:40:04","slug":"biustonosz-yvette-b4-bialy","status":"publish","type":"product","link":"https:\/\/butikhome.pl\/index.php\/produkt\/biustonosz-yvette-b4-bialy\/","title":{"rendered":"Biustonosz Yvette B4 Bia\u0142y"},"content":{"rendered":"<p>Lekko haftowany biustonosz usztywniany z kolekcji klasycznej producenta Gorteks. Miseczki nieco przed\u0142u\u017cane ku g\u00f3rze, podszyte bawe\u0142n\u0105. Konstrukcja dobrze zbiera piersi, modeluje je i unosi. Regulowane rami\u0105czka. Jeden z najlepiej sprzedaj\u0105cych si\u0119 biustonoszy marki Gorteks. Sk\u0142ad: 65% poliamid, 20% poliester, 10% bawe\u0142na, 5% elastan.<\/p>\n","protected":false},"excerpt":{"rendered":"<p>Lekko haftowany biustonosz usztywniany z kolekcji klasycznej producenta Gorteks. Miseczki nieco przed\u0142u\u017cane ku g\u00f3rze, podszyte bawe\u0142n\u0105. Konstrukcja dobrze zbiera piersi, modeluje je i unosi. Regulowane rami\u0105czka. Jeden z najlepiej sprzedaj\u0105cych si\u0119 biustonoszy marki Gorteks. Sk\u0142ad: 65% poliamid, 20% poliester, 10% bawe\u0142na, 5% elastan.<\/p>\n","protected":false},"featured_media":15704,"comment_status":"open","ping_status":"closed","template":"","meta":[],"product_brand":[],"product_cat":[629,24],"product_tag":[1640,1641,1798,1789,1790,1604,1605,1606,1610,1611,1751,1599,1482,1483,1484,1485,1486,1488,1489,1490,1491,1492,1493,1494,1495,1496,1497,1498,1499,1500,1501,1502,1503,1504,1505,1633,1634,1506,1507,1508,1509,1637,1704,672,2183,1835,2182,1963,2176,2181,2178,2180,2179,1658],"class_list":{"0":"post-9769","1":"product","2":"type-product","3":"status-publish","4":"has-post-thumbnail","6":"product_cat-biustonosze-podkategoria-do-bielizny","7":"product_cat-produkty","8":"product_tag-100-e","9":"product_tag-100-f","10":"product_tag-65-e","11":"product_tag-65-f","12":"product_tag-65-g","13":"product_tag-70-d","14":"product_tag-70-e","15":"product_tag-70-f","16":"product_tag-70-g","17":"product_tag-70-h","18":"product_tag-75-b","19":"product_tag-75-c","20":"product_tag-75-d","21":"product_tag-75-e","22":"product_tag-75-f","23":"product_tag-75-g","24":"product_tag-75-h","25":"product_tag-80-b","26":"product_tag-80-c","27":"product_tag-80-d","28":"product_tag-80-e","29":"product_tag-80-f","30":"product_tag-80-g","31":"product_tag-80-h","32":"product_tag-85-b","33":"product_tag-85-c","34":"product_tag-85-d","35":"product_tag-85-e","36":"product_tag-85-f","37":"product_tag-85-g","38":"product_tag-90-b","39":"product_tag-90-c","40":"product_tag-90-d","41":"product_tag-90-e","42":"product_tag-90-f","43":"product_tag-90-g","44":"product_tag-90-h","45":"product_tag-95-b","46":"product_tag-95-c","47":"product_tag-95-d","48":"product_tag-95-e","49":"product_tag-95-f","50":"product_tag-95-g","51":"product_tag-bialy","52":"product_tag-bialy-65-d","53":"product_tag-biustonosz-usztywniany","54":"product_tag-biustonosz-yvette-b4-bialy","55":"product_tag-dobrze-zbiera-unosi-i-modeluje-piersi","56":"product_tag-gortex","57":"product_tag-hit","58":"product_tag-lekko-haftowany","59":"product_tag-miseczki-podszyte-bawelna","60":"product_tag-miseczki-przedluzane-do-gory","61":"product_tag-regulowane-ramiaczka","63":"first","64":"instock","65":"taxable","66":"shipping-taxable","67":"purchasable","68":"product-type-simple"},"_links":{"self":[{"href":"https:\/\/butikhome.pl\/index.php\/wp-json\/wp\/v2\/product\/9769","targetHints":{"allow":["GET"]}}],"collection":[{"href":"https:\/\/butikhome.pl\/index.php\/wp-json\/wp\/v2\/product"}],"about":[{"href":"https:\/\/butikhome.pl\/index.php\/wp-json\/wp\/v2\/types\/product"}],"replies":[{"embeddable":true,"href":"https:\/\/butikhome.pl\/index.php\/wp-json\/wp\/v2\/comments?post=9769"}],"wp:featuredmedia":[{"embeddable":true,"href":"https:\/\/butikhome.pl\/index.php\/wp-json\/wp\/v2\/media\/15704"}],"wp:attachment":[{"href":"https:\/\/butikhome.pl\/index.php\/wp-json\/wp\/v2\/media?parent=9769"}],"wp:term":[{"taxonomy":"product_brand","embeddable":true,"href":"https:\/\/butikhome.pl\/index.php\/wp-json\/wp\/v2\/product_brand?post=9769"},{"taxonomy":"product_cat","embeddable":true,"href":"https:\/\/butikhome.pl\/index.php\/wp-json\/wp\/v2\/product_cat?post=9769"},{"taxonomy":"product_tag","embeddable":true,"href":"https:\/\/butikhome.pl\/index.php\/wp-json\/wp\/v2\/product_tag?post=9769"}],"curies":[{"name":"wp","href":"https:\/\/api.w.org\/{rel}","templated":true}]}}