{"id":9936,"date":"2023-03-29T16:04:02","date_gmt":"2023-03-29T14:04:02","guid":{"rendered":"https:\/\/butikhome.pl\/index.php\/produkt\/biustonosz-alicante-k647-kremowy\/"},"modified":"2023-06-28T13:04:19","modified_gmt":"2023-06-28T11:04:19","slug":"biustonosz-alicante-k647-kremowy","status":"publish","type":"product","link":"https:\/\/butikhome.pl\/index.php\/produkt\/biustonosz-alicante-k647-kremowy\/","title":{"rendered":"Biustonosz Alicante K647 Kremowy"},"content":{"rendered":"<p>Stylowy, kremowy biustonosz z nowej kolekcji marki Gorsenia w konstrukcji semi-soft. Miseczki g\u0142adkie u podstawy w g\u00f3rnej cz\u0119\u015bci kusz\u0105 pi\u0119knym, subtelnym, koronkowym wyko\u0144czeniem. Delikatne, satynowe lam\u00f3wki w elegancki spos\u00f3b wyka\u0144czaj\u0105 projekt. Rami\u0105czka szersze, nieodpinane, regulowane. Obw\u00f3d, kt\u00f3ry dobrze trzyma. Sprawdzona, bardzo kobieca konstrukcja idealna na wi\u0119ksze piersi. Biustonosz doskonale sprawdzi si\u0119 pod jesiennymi sweterkami. Sk\u0142ad: 71% poliamid, 21% bawe\u0142na, 8% elastan.<\/p>\n","protected":false},"excerpt":{"rendered":"<p>Stylowy, kremowy biustonosz z nowej kolekcji marki Gorsenia w konstrukcji semi-soft. Miseczki g\u0142adkie u podstawy w g\u00f3rnej cz\u0119\u015bci kusz\u0105 pi\u0119knym, subtelnym, koronkowym wyko\u0144czeniem. Delikatne, satynowe lam\u00f3wki w elegancki spos\u00f3b wyka\u0144czaj\u0105 projekt. Rami\u0105czka szersze, nieodpinane, regulowane. Obw\u00f3d, kt\u00f3ry dobrze trzyma. Sprawdzona, bardzo kobieca konstrukcja idealna na wi\u0119ksze piersi. Biustonosz doskonale sprawdzi si\u0119 pod jesiennymi sweterkami. Sk\u0142ad: &hellip; <\/p>\n","protected":false},"featured_media":15696,"comment_status":"open","ping_status":"closed","template":"","meta":[],"product_brand":[],"product_cat":[629,24],"product_tag":[1641,1791,1922,1923,1967,1605,1606,1610,1611,1792,1793,1624,1599,1482,1485,1487,1626,1489,1490,1627,1495,147,2161,1904,1984,2167,2168,2162,2160,2163,1938,1480,664,2166,2165,1733,2164],"class_list":{"0":"post-9936","1":"product","2":"type-product","3":"status-publish","4":"has-post-thumbnail","6":"product_cat-biustonosze-podkategoria-do-bielizny","7":"product_cat-produkty","8":"product_tag-100-f","9":"product_tag-65-h","10":"product_tag-65-i","11":"product_tag-65-j","12":"product_tag-65-k","13":"product_tag-70-e","14":"product_tag-70-f","15":"product_tag-70-g","16":"product_tag-70-h","17":"product_tag-70-i","18":"product_tag-70-j","19":"product_tag-70-k","20":"product_tag-75-c","21":"product_tag-75-d","22":"product_tag-75-g","23":"product_tag-75-i","24":"product_tag-75-k","25":"product_tag-80-c","26":"product_tag-80-d","27":"product_tag-80-i","28":"product_tag-85-b","29":"product_tag-bardzo-kobiece","30":"product_tag-biustonosz-alicante-k647-kremowy","31":"product_tag-elastyczny-obwod-ktory-dobrze-trzyma","32":"product_tag-gorsenia","33":"product_tag-idealne-na-wieksze-piersi","34":"product_tag-idealny-pod-jesiennymi-sweterkami","35":"product_tag-kremowy","36":"product_tag-kremowy-65-g","37":"product_tag-miseczki-gladkie","38":"product_tag-model-w-konstrukcji-semi-soft","39":"product_tag-nieodpinane-ramiaczka","40":"product_tag-ramiaczka-regulowane","41":"product_tag-ramiaczka-szersze","42":"product_tag-satynowe-lamowki","43":"product_tag-stylowy","44":"product_tag-subtelne-koronkowe-wykonczenie","46":"first","47":"instock","48":"taxable","49":"shipping-taxable","50":"purchasable","51":"product-type-simple"},"_links":{"self":[{"href":"https:\/\/butikhome.pl\/index.php\/wp-json\/wp\/v2\/product\/9936","targetHints":{"allow":["GET"]}}],"collection":[{"href":"https:\/\/butikhome.pl\/index.php\/wp-json\/wp\/v2\/product"}],"about":[{"href":"https:\/\/butikhome.pl\/index.php\/wp-json\/wp\/v2\/types\/product"}],"replies":[{"embeddable":true,"href":"https:\/\/butikhome.pl\/index.php\/wp-json\/wp\/v2\/comments?post=9936"}],"wp:featuredmedia":[{"embeddable":true,"href":"https:\/\/butikhome.pl\/index.php\/wp-json\/wp\/v2\/media\/15696"}],"wp:attachment":[{"href":"https:\/\/butikhome.pl\/index.php\/wp-json\/wp\/v2\/media?parent=9936"}],"wp:term":[{"taxonomy":"product_brand","embeddable":true,"href":"https:\/\/butikhome.pl\/index.php\/wp-json\/wp\/v2\/product_brand?post=9936"},{"taxonomy":"product_cat","embeddable":true,"href":"https:\/\/butikhome.pl\/index.php\/wp-json\/wp\/v2\/product_cat?post=9936"},{"taxonomy":"product_tag","embeddable":true,"href":"https:\/\/butikhome.pl\/index.php\/wp-json\/wp\/v2\/product_tag?post=9936"}],"curies":[{"name":"wp","href":"https:\/\/api.w.org\/{rel}","templated":true}]}}