{"id":9961,"date":"2023-03-29T16:04:17","date_gmt":"2023-03-29T14:04:17","guid":{"rendered":"https:\/\/butikhome.pl\/index.php\/produkt\/biustonosz-amy-mk15-bezowy\/"},"modified":"2023-06-27T15:59:09","modified_gmt":"2023-06-27T13:59:09","slug":"biustonosz-amy-mk15-bezowy","status":"publish","type":"product","link":"https:\/\/butikhome.pl\/index.php\/produkt\/biustonosz-amy-mk15-bezowy\/","title":{"rendered":"Biustonosz Amy MK15 Be\u017cowy"},"content":{"rendered":"<p>Pi\u0119kny biustonosz stworzony dla pa\u0144 karmi\u0105cych, z systemem Click-Clack do szybkiego odpinania miseczek. Konstrukcja oparta na sprawdzonych modelach (Victoria, Casablanca), bardzo wygodna i doskonale utrzymuj\u0105ca biust. Podstawa miseczek wykonana z mocnej dzianiny, dekolt zmys\u0142owo wyko\u0144czony koronk\u0105. Sk\u0142ad: 90% poliamid, 7% elastan, 3% poliester.<\/p>\n","protected":false},"excerpt":{"rendered":"<p>Pi\u0119kny biustonosz stworzony dla pa\u0144 karmi\u0105cych, z systemem Click-Clack do szybkiego odpinania miseczek. Konstrukcja oparta na sprawdzonych modelach (Victoria, Casablanca), bardzo wygodna i doskonale utrzymuj\u0105ca biust. Podstawa miseczek wykonana z mocnej dzianiny, dekolt zmys\u0142owo wyko\u0144czony koronk\u0105. Sk\u0142ad: 90% poliamid, 7% elastan, 3% poliester.<\/p>\n","protected":false},"featured_media":15692,"comment_status":"open","ping_status":"closed","template":"","meta":[],"product_brand":[],"product_cat":[629,24],"product_tag":[1708,1640,1641,1642,1645,1646,1713,1714,2151,1792,1793,1482,1483,1484,1485,1486,1487,1625,1490,1491,1492,1493,1494,1627,1628,1497,1498,1499,1500,1630,1631,1632,1503,1504,1505,1633,1634,1635,1693,1508,1509,1637,1704,1638,1639,1705,1943,1615,2150,2152,2159,2153,2156,1984,2157,1078,2155,2158,2154],"class_list":{"0":"post-9961","1":"product","2":"type-product","3":"status-publish","4":"has-post-thumbnail","6":"product_cat-biustonosze-podkategoria-do-bielizny","7":"product_cat-produkty","8":"product_tag-100-d","9":"product_tag-100-e","10":"product_tag-100-f","11":"product_tag-100-g","12":"product_tag-105-d","13":"product_tag-105-e","14":"product_tag-110-d","15":"product_tag-110-e","16":"product_tag-115d","17":"product_tag-70-i","18":"product_tag-70-j","19":"product_tag-75-d","20":"product_tag-75-e","21":"product_tag-75-f","22":"product_tag-75-g","23":"product_tag-75-h","24":"product_tag-75-i","25":"product_tag-75-j","26":"product_tag-80-d","27":"product_tag-80-e","28":"product_tag-80-f","29":"product_tag-80-g","30":"product_tag-80-h","31":"product_tag-80-i","32":"product_tag-80-j","33":"product_tag-85-d","34":"product_tag-85-e","35":"product_tag-85-f","36":"product_tag-85-g","37":"product_tag-85-h","38":"product_tag-85-i","39":"product_tag-85-j","40":"product_tag-90-d","41":"product_tag-90-e","42":"product_tag-90-f","43":"product_tag-90-g","44":"product_tag-90-h","45":"product_tag-90-i","46":"product_tag-90-j","47":"product_tag-95-d","48":"product_tag-95-e","49":"product_tag-95-f","50":"product_tag-95-g","51":"product_tag-95-h","52":"product_tag-95-i","53":"product_tag-95-j","54":"product_tag-bardzo-wygodny","55":"product_tag-bezowy","56":"product_tag-bezowy-70-g","57":"product_tag-biustonosz-amy-mk15-bezowy","58":"product_tag-dekolt-wykonczony-koronka","59":"product_tag-dla-matek-karmiacych","60":"product_tag-doskonale-utrzymuje-biust","61":"product_tag-gorsenia","62":"product_tag-podstawa-miseczek-doskonale-utrzymuje-biust","63":"product_tag-polski-produkt","64":"product_tag-szybkie-odpinanie-miseczek","65":"product_tag-z-mocnej-dzianiny","66":"product_tag-z-systemem-click-clack","68":"first","69":"instock","70":"taxable","71":"shipping-taxable","72":"purchasable","73":"product-type-simple"},"_links":{"self":[{"href":"https:\/\/butikhome.pl\/index.php\/wp-json\/wp\/v2\/product\/9961","targetHints":{"allow":["GET"]}}],"collection":[{"href":"https:\/\/butikhome.pl\/index.php\/wp-json\/wp\/v2\/product"}],"about":[{"href":"https:\/\/butikhome.pl\/index.php\/wp-json\/wp\/v2\/types\/product"}],"replies":[{"embeddable":true,"href":"https:\/\/butikhome.pl\/index.php\/wp-json\/wp\/v2\/comments?post=9961"}],"wp:featuredmedia":[{"embeddable":true,"href":"https:\/\/butikhome.pl\/index.php\/wp-json\/wp\/v2\/media\/15692"}],"wp:attachment":[{"href":"https:\/\/butikhome.pl\/index.php\/wp-json\/wp\/v2\/media?parent=9961"}],"wp:term":[{"taxonomy":"product_brand","embeddable":true,"href":"https:\/\/butikhome.pl\/index.php\/wp-json\/wp\/v2\/product_brand?post=9961"},{"taxonomy":"product_cat","embeddable":true,"href":"https:\/\/butikhome.pl\/index.php\/wp-json\/wp\/v2\/product_cat?post=9961"},{"taxonomy":"product_tag","embeddable":true,"href":"https:\/\/butikhome.pl\/index.php\/wp-json\/wp\/v2\/product_tag?post=9961"}],"curies":[{"name":"wp","href":"https:\/\/api.w.org\/{rel}","templated":true}]}}